{"id":11,"date":"2019-03-19T09:01:11","date_gmt":"2019-03-19T09:01:11","guid":{"rendered":"http:\/\/www.nachbarschaftshilfe-kelleramt.ch\/?page_id=11"},"modified":"2025-07-15T14:38:32","modified_gmt":"2025-07-15T14:38:32","slug":"verein","status":"publish","type":"page","link":"https:\/\/www.nachbarschaftshilfe-kelleramt.ch\/?page_id=11","title":{"rendered":"Verein"},"content":{"rendered":"\n<p>Die Nachbarschaftshilfe Kelleramt ist eine Non-Profit-Organisation und wurde in Oberlunkhofen im Jahr 2018 ins Leben gerufen. <\/p>\n\n\n\n<p>Der Verein wird von einem ehrenamtlich t\u00e4tigen Vorstand gef\u00fchrt. Dieser ist zust\u00e4ndig f\u00fcr die Koordination, Werbung, \u00d6ffentlichkeitsarbeit, Ausbildung und Betreuung der Freiwilligen sowie f\u00fcr die Weiterentwicklung. <\/p>\n\n\n\n<p>Im Vorstand laufen alle F\u00e4den zusammen von den Anfragen der Begleiteten bis hin zur Vermittlung der Eins\u00e4tze.<\/p>\n\n\n\n<p>Sie ist eine gemeinn\u00fctzige Vereinigung von Bewohnerinnen und Bewohnern im Kelleramt. Sie sucht f\u00fcr ihre Arbeit die Unterst\u00fctzung von Organisationen und Institutionen aus den Gemeinden. <\/p>\n\n\n\n<p>Sie bleibt dabei konfessionell und politisch unabh\u00e4ngig.<\/p>\n\n\n\n<p><strong>Vorstand<\/strong><br>Myriam B\u00fcrgisser, Pr\u00e4sidentin und Koordination Eins\u00e4tze<br>Mariette Baumann, Administration und Mitgliederverwaltung<br>Antoinette F\u00fchrer, Finanzen<br>Maya Leuthold, Aktuariat und Medien<br><br><strong>Revisoren<\/strong><br>Willy Hoppler<br>Sigi Braun<\/p>\n","protected":false},"excerpt":{"rendered":"<p>Die Nachbarschaftshilfe Kelleramt ist eine Non-Profit-Organisation und wurde in Oberlunkhofen im Jahr 2018 ins Leben gerufen. Der Verein wird von einem ehrenamtlich t\u00e4tigen Vorstand gef\u00fchrt. Dieser ist zust\u00e4ndig f\u00fcr die Koordination, Werbung, \u00d6ffentlichkeitsarbeit, Ausbildung und Betreuung der Freiwilligen sowie f\u00fcr die Weiterentwicklung. Im Vorstand laufen alle F\u00e4den zusammen von den Anfragen der Begleiteten bis hin &#8230; <a title=\"Verein\" class=\"read-more\" href=\"https:\/\/www.nachbarschaftshilfe-kelleramt.ch\/?page_id=11\" aria-label=\"Mehr Informationen \u00fcber Verein\">Weiterlesen<\/a><\/p>\n","protected":false},"author":1,"featured_media":0,"parent":0,"menu_order":0,"comment_status":"closed","ping_status":"closed","template":"","meta":{"footnotes":""},"class_list":["post-11","page","type-page","status-publish"],"_links":{"self":[{"href":"https:\/\/www.nachbarschaftshilfe-kelleramt.ch\/index.php?rest_route=\/wp\/v2\/pages\/11","targetHints":{"allow":["GET"]}}],"collection":[{"href":"https:\/\/www.nachbarschaftshilfe-kelleramt.ch\/index.php?rest_route=\/wp\/v2\/pages"}],"about":[{"href":"https:\/\/www.nachbarschaftshilfe-kelleramt.ch\/index.php?rest_route=\/wp\/v2\/types\/page"}],"author":[{"embeddable":true,"href":"https:\/\/www.nachbarschaftshilfe-kelleramt.ch\/index.php?rest_route=\/wp\/v2\/users\/1"}],"replies":[{"embeddable":true,"href":"https:\/\/www.nachbarschaftshilfe-kelleramt.ch\/index.php?rest_route=%2Fwp%2Fv2%2Fcomments&post=11"}],"version-history":[{"count":7,"href":"https:\/\/www.nachbarschaftshilfe-kelleramt.ch\/index.php?rest_route=\/wp\/v2\/pages\/11\/revisions"}],"predecessor-version":[{"id":200,"href":"https:\/\/www.nachbarschaftshilfe-kelleramt.ch\/index.php?rest_route=\/wp\/v2\/pages\/11\/revisions\/200"}],"wp:attachment":[{"href":"https:\/\/www.nachbarschaftshilfe-kelleramt.ch\/index.php?rest_route=%2Fwp%2Fv2%2Fmedia&parent=11"}],"curies":[{"name":"wp","href":"https:\/\/api.w.org\/{rel}","templated":true}]}}